{"id":8312,"date":"2023-04-13T16:55:13","date_gmt":"2023-04-13T14:55:13","guid":{"rendered":"https:\/\/rauschmayer.com\/algemene-voorwaarden-voor-eindgebruikers\/"},"modified":"2023-04-13T16:55:13","modified_gmt":"2023-04-13T14:55:13","slug":"algemene-voorwaarden-voor-eindgebruikers","status":"publish","type":"page","link":"https:\/\/rauschmayer.com\/nl\/algemene-voorwaarden-voor-eindgebruikers\/","title":{"rendered":"Algemene voorwaarden voor eindgebruikers"},"content":{"rendered":"<h2><strong>Algemene voorwaarden voor consumenten<\/strong><\/h2>\n<p><strong>\u00a7 1 Toepassingsgebied, begripsbepalingen<\/strong><\/p>\n<p><strong>1.1<\/strong> Deze Algemene voorwaarden (hierna &#8220;AV\u201d te noemen) van<\/p>\n<p>Roland Rauschmayer GmbH &amp; Co. KG Trauring- und Schmuckwarenfabrik, Karlsruher Stra\u00dfe 89, DE-75179 Pforzheim,<br \/>\ntel: +49 \/ (0)7231 \u2013 3805 \u2013 0, fax +49 \/ (0)7231 \u2013 3805 \u2013 24, e-mail: <a href=\"mailto:info@rauschmayer.com\">info@rauschmayer.com<\/a><br \/>\nvertegenwoordigd door de directeuren: Roland Rauschmayer, Chris Roy Rauschmayer<br \/>\nRegisterrechtbank: Mannheim, handelsregister: HRA 503301, btw-nr.: DE812114250<\/p>\n<p>(hierna &#8220;verkoper\u201d te noemen), gelden voor alle contracten over de levering van producten die een consument of ondernemer (hierna \u201cklant\u201d te noemen) met de verkoper afsluit met betrekking tot de door de verkoper in zijn online-shop afgebeelde producten.<\/p>\n<p><strong>1.2<\/strong> Voor de zakelijke relatie tussen de aanbieder en de klant gelden uitsluitend de volgende Algemene voorwaarden in hun ten tijde van de bestelling geldige versie. Afwijkende algemene voorwaarden van de besteller worden niet erkend, tenzij de aanbieder uitdrukkelijk schriftelijk met hun geldigheid instemt.<\/p>\n<p><strong>1.3<\/strong> De klant is consument, indien het doel van de bestelde leveringen en diensten niet overwegend kan worden gerekend tot zijn commerci\u00eble of zelfstandige beroepsmatige activiteit. Daarentegen is een ondernemer iedere natuurlijke of rechtspersoon of een rechtsbevoegde vennootschap die bij het afsluiten van het contract zijn commerci\u00eble of zelfstandige beroepsmatige activiteit uitoefent.<\/p>\n<p>&nbsp;<\/p>\n<p><strong>\u00a7 2 Contract afsluiten<\/strong><\/p>\n<p><strong>2.1<\/strong> De klant kan uit het assortiment van de aanbieder producten, vooral trouw- en verlovingsringen, kiezen en deze met de knop \u201cin het winkelmandje leggen\u201d in het zogeheten winkelmandje verzamelen. Met de knop \u201cbestellen met betalingsplicht\u201d geeft bij een bindende aanvraag af voor de aankoop van de producten in het winkelmandje. V\u00f3\u00f3r het versturen van de bestelling kan de klant de gegevens te allen tijde wijzigen en inzien. De aanvraag kan echter alleen worden afgegeven en doorgegeven als de klant door te klikken op de knop \u201cAV accepteren\u201c deze contractuele voorwaarden accepteert en daardoor in zijn aanvraag heeft opgenomen.<\/p>\n<p><strong>2.2<\/strong> De aanbieder stuurt vervolgens de klant een automatische ontvangstbevestiging per e-mail, waarin de bestelling van de klant nogmaals wordt vermeld en die de klant met de functie \u201cPrinten\u201c kan printen. De automatische ontvangstbevestiging documenteert gewoonlijk slechts dat de bestelling van de klant door de aanbieder is ontvangen en vormt geen aanname van de aanvraag. Het contract komt pas tot stand door de afgifte van de acceptatieverklaring door de aanbieder, die met een aparte e-mail (opdrachtbevestiging) wordt verstuurd. Met de levering van het product wordt de contracttekst (bestaand uit bestelling, AV en opdrachtbevestiging) aan de klant gestuurd. De contracttekst wordt met inachtneming van de gegevensbescherming opgeslagen.<\/p>\n<p><strong>2.3<\/strong> Het contract wordt in de Duitse, als alternatief in de Engelse taal, afgesloten.<\/p>\n<p>&nbsp;<\/p>\n<p><strong>\u00a7 3 Levering, beschikbaarheid van producten<\/strong><\/p>\n<p><strong>3.1<\/strong> Door ons vermelde leveringstijden worden berekend vanaf het tijdstip van onze opdrachtbevestiging, mits de aankoopprijs vooraf is betaald. Indien voor het betreffende product in onze online-shop geen of geen afwijkende leveringstijd is vermeld, bedraagt deze 5 dagen.<\/p>\n<p><strong>3.2<\/strong> Als er ten tijde van de bestelling van de klant geen exemplaren van het door hem gekozen product beschikbaar zijn, deelt de aanbieder dit in de opdrachtbevestiging onmiddellijk aan de klant mee. Als het product blijvend niet leverbaar is, ziet de aanbieder af van een acceptatieverklaring. In dit geval komt er geen contract tot stand.<\/p>\n<p><strong>3.3<\/strong> Als het door de klant in de bestelling aangeduide product slechts tijdelijk niet beschikbaar is, deelt de aanbieder dit eveneens in de opdrachtbevestiging onmiddellijk aan de klant mee.<\/p>\n<p><strong>3.4<\/strong> De volgende leveringsbeperkingen bestaan: De aanbieder levert alleen aan klanten die hun gebruikelijke verblijfplaats (factuuradres) in een van de volgende landen hebben en in hetzelfde land een leveradres kunnen vermelden: Duitsland, Oostenrijk.<\/p>\n<p>&nbsp;<\/p>\n<p><strong>\u00a7 4 Eigendomsvoorbehoud<\/strong><\/p>\n<p>Tot de volledige betaling blijven de geleverde producten het eigendom van de aanbieder.<\/p>\n<p>&nbsp;<\/p>\n<p><strong>\u00a7 5 Prijzen en verzendkosten<\/strong><\/p>\n<p><strong>5.1<\/strong> Alle prijzen die op de website van de aanbieder zijn vermeld, zijn inclusief de telkens geldige wettelijke omzetbelasting.<\/p>\n<p><strong>5.2<\/strong> De betreffende verzendkosten worden op het bestelformulier aan de klant gemeld en moeten door de klant worden betaald, indien de klant geen gebruik maakt van zijn recht om te herroepen. Vanaf een productbestelwaarde van 20 EUR levert de aanbieder gratis aan klanten in Duitsland. De verzendkosten naar Oostenrijk bedragen 8,00 EUR.<\/p>\n<p><strong>5.3<\/strong> Het product wordt via UPS verstuurd. De aanbieder draagt het verzendrisico als de klant een consument is.<\/p>\n<p><strong>5.4<\/strong> De klant draagt in geval van een herroeping de directe kosten van de retourzending.<\/p>\n<p>&nbsp;<\/p>\n<p><strong>\u00a7 6 Betalingsmogelijkheden<\/strong><\/p>\n<p><strong>6.1<\/strong> De klant kan de betaling via PayPal, automatische incasso of creditcard uitvoeren.<\/p>\n<p><strong>6.2<\/strong> De betaling van de aankoopprijs dient direct met het afsluiten van het contract te worden voldaan. Als het vervallen van de betaling volgens de kalender is bepaald, dan heeft de klant door verzuimen van de vervaldatum al een betalingsachterstand. In dit geval dient hij voor het jaar verzuimrente van 5 procentpunten boven het basisrentepercentage aan de aanbieder te betalen.<\/p>\n<p><strong>6.3<\/strong> De verplichting van de klant voor de betaling van verzuimrente sluit de indiening van overige verzuimschade door de aanbieder niet uit.<\/p>\n<p>&nbsp;<\/p>\n<p><strong>\u00a7 7 Garantie op materi\u00eble tekortkomingen, algemene garantie<\/strong><\/p>\n<p><strong>7.1<\/strong> De aanbieder is aansprakelijk voor materi\u00eble tekortkomingen volgens de hiervoor geldende wettelijke voorschriften, vooral \u00a7 434 e.v. Duits Burgerlijk Wetboek. Tegenover ondernemers bedraagt de garantietermijn op door de aanbieder geleverde producten 12 maanden.<\/p>\n<p><strong>7.2<\/strong> Een aanvullende garantie bestaat bij de door de aanbieder geleverde producten alleen als deze uitdrukkelijk bij het betreffende artikel is afgegeven.<\/p>\n<p>&nbsp;<\/p>\n<p><strong>\u00a7 8 Aansprakelijkheid<\/strong><\/p>\n<p><strong>8.1<\/strong> Claims van de klant op schadevergoeding zijn uitgesloten. Hiervan uitgesloten zijn schadeclaims van de klant voor schade die ontstaat uit de schending van leven, lichaam, gezondheid of uit de schending van wezenlijke contractuele plichten (voornaamste plichten) evenals de aansprakelijkheid voor overige schade die berust op opzettelijk of nalatig plichtsverzuim of boze opzet van de aanbieder, zijn een wettelijke vertegenwoordigers of plaatsvervangers. Wezenlijke contractuele plichten zijn die plichten, waarvan de nakoming voor het bereiken van het doel van het contract noodzakelijk is.<\/p>\n<p><strong>8.2<\/strong> Bij de schending van wezenlijke contractuele plichten is de aanbieder alleen aansprakelijk voor de voor het contract kenmerkende, voorspelbare schade, als deze eenvoudig nalatig is veroorzaakt, tenzij het gaat om schadeclaims van de klant voor schade die ontstaat uit de schending van leven, lichaam of gezondheid.<\/p>\n<p><strong>8.3<\/strong> De beperkingen van paragraaf 1 en 2 gelden ook ten gunste van de wettelijke vertegenwoordigers en plaatsvervangers van de aanbieder, als er claims direct tegen hen worden ingediend.<\/p>\n<p><strong>8.4<\/strong> De uit paragraaf 1 en 2 ontstane aansprakelijkheidsbeperkingen gelden niet, indien de aanbieder het gebrek met boze opzet heeft verzwegen of een garantie voor de toestand van het product op zich heeft genomen. Hetzelfde geldt, indien de aanbieder en de klant een overeenkomst over de toestand van het product hebben gesloten. De voorschriften van de Duitse wet op de productaansprakelijkheid blijven onaangetast.<\/p>\n<p>&nbsp;<\/p>\n<p><strong>\u00a7 9 Instructies m.b.t. herroeping<\/strong><\/p>\n<p><strong>9.1<\/strong> Consumenten hebben bij het afsluiten van een verkooptransactie op afstand fundamenteel een wettelijk herroepingsrecht, waarover de aanbieder met inachtneming van het wettelijke model vervolgens informeert. De uitzonderingen van het herroepingsrecht zijn in lid (2) geregeld. In lid (3) staat een modelformulier voor herroeping.<\/p>\n<table border=\"1\">\n<tbody>\n<tr>\n<td><strong>Instructies m.b.t. herroeping<\/strong><\/p>\n<p>&nbsp;<\/p>\n<p><strong>Herroepingsrecht<\/strong><\/p>\n<p>&nbsp;<\/p>\n<p>U hebt het recht om binnen veertien dagen zonder opgave van redenen dit contract te herroepen.<\/p>\n<p>De termijn voor herroepen bedraagt veertien dagen vanaf de dag, waarop u of een door u benoemde derde die niet de transporteur is, de producten in bezit heeft genomen.<\/p>\n<p>Om uw herroepingsrecht uit te oefenen, moet u ons, Roland Rauschmayer GmbH &amp; Co. KG, Karlsruher Stra\u00dfe 89, DE-75179 Pforzheim, e-mail: info@rauschmayer.com<\/p>\n<p>door middel van een eenduidige verklaring (bv. een via de post verstuurde brief, een fax of e-mail) informeren over uw besluit om dit contract te herroepen. U kunt daarvoor het bijgevoegde modelformulier voor herroeping gebruiken, dit is echter niet voorgeschreven.<\/p>\n<p>Om de herroepingtermijn in acht te nemen, is het voldoende dat u de mededeling over de uitoefening van het recht om te herroepen voor het einde van de herroepingtermijn verstuurt.<\/p>\n<p>&nbsp;<\/p>\n<p><strong>Gevolgen van het herroepen<\/strong><\/p>\n<p>&nbsp;<\/p>\n<p>Wanneer u dit contract herroept, dienen we u alle betalingen die we van u hebben ontvangen, inclusief de leveringskosten (met uitzondering van de extra kosten die uit het feit voortvloeien dat u een andere soort levering hebt gekozen dan de door ons aangeboden, gunstige standaardlevering), onmiddellijk en uiterlijk binnen veertien dagen vanaf de dag, waarop de mededeling over uw herroeping van dit contract door ons is ontvangen, terug te betalen. Voor deze terugbetaling gebruiken we hetzelfde betalingsmiddel als datgene, wat u bij de oorspronkelijke transactie hebt gebruikt, tenzij er uitdrukkelijk iets anders met u is overeengekomen; in geen geval worden u vanwege deze terugbetaling vergoedingen in rekening gebracht.<\/p>\n<p>Wij kunnen terugbetaling weigeren, totdat we de producten weer retour hebben ontvangen of totdat u het bewijs hebt geleverd dat u de producten hebt teruggestuurd, afhankelijk van het feit, welke omstandigheid het eerste optreedt.<\/p>\n<p>U dient de producten onmiddellijk en in elk geval uiterlijk binnen veertien dagen vanaf de dag dat u ons over de herroeping van dit contract hebt ge\u00efnformeerd, aan ons terug te sturen of aan ons over te dragen. Er is voldaan aan de termijn als u de producten v\u00f3\u00f3r het einde van de termijn van veertien dagen verstuurt.<\/p>\n<p>U draagt de directe kosten voor het terugsturen van de producten .<\/p>\n<p>U hoeft alleen voor een eventueel waardeverlies van de producten in te staan, wanneer dit waardeverlies is te herleiden naar een voor de controle van de kwaliteit, eigenschappen en werking van de producten niet noodzakelijke omgang ermee.<\/td>\n<\/tr>\n<\/tbody>\n<\/table>\n<p>&nbsp;<\/p>\n<p><strong>9.2 <\/strong>Uitsluiting van her herroepingsrecht<\/p>\n<p>Het herroepingsrecht bestaat niet bij contracten voor de levering van producten die niet geprefabriceerd zijn en voor de productie waarvan een individuele selectie of bestemming voor de consument maatgevend is of die eenduidig zijn toegesneden op de persoonlijke behoeften van de consument.<\/p>\n<p>&nbsp;<\/p>\n<p><strong>9.3<\/strong> Via het modelformulier voor herroeping informeert de aanbieder volgens de wettelijke regeling als volgt:<\/p>\n<p>&nbsp;<\/p>\n<table border=\"1\">\n<tbody>\n<tr>\n<td width=\"591\"><strong>Modelformulier voor herroeping<\/strong><\/p>\n<p>&nbsp;<\/p>\n<p>Als u het contract wilt herroepen, vul dan dit formulier in<\/p>\n<p>en stuur het terug..<\/p>\n<p>&nbsp;<\/p>\n<p>Aan Roland Rauschmayer GmbH &amp; Co. KG, Karlsruher Stra\u00dfe 89, DE-75179 Pforzheim,<\/p>\n<p>tel: +49 \/ (0)7231 \u2013 3805 \u2013 0, Telefax +49 \/ (0)7231 \u2013 3805 \u2013 24. e-mail: <a href=\"mailto:info@rauschmayer.com\">info@rauschmayer.com<\/a><\/p>\n<p>&nbsp;<\/p>\n<p>Hiermee herroep(en) ik\/wij (*) het door mij\/ons (*) afgesloten contract over de aankoop van de volgende producten (*)\/ het leveren van de volgende diensten (*)<\/p>\n<p>\u2014\u2014\u2014\u2014\u2014\u2014\u2014\u2014\u2014\u2014\u2014\u2014\u2014\u2014\u2014\u2014\u2014\u2014\u2014\u2014\u2014\u2014\u2014\u2014\u2014\u2014\u2014\u2014\u2014\u2014\u2014\u2014\u2014\u2014\u2014\u2014<\/p>\n<p>\u2014\u2014\u2014\u2014\u2014\u2014\u2014\u2014\u2014 Besteld d.d. (*)\/ontvangen d.d. (*)<\/p>\n<p>\u2014\u2014\u2014\u2014\u2014\u2014\u2014\u2014\u2014 Naam van de consument(en)<\/p>\n<p>\u2014\u2014\u2014\u2014\u2014\u2014\u2014\u2014\u2014 Adres van de consument(en)<\/p>\n<p>\u2014\u2014\u2014\u2014\u2014\u2014\u2014\u2014\u2014 Handtekening van de consument(en) (alleen bij mededeling op papier)<\/p>\n<p>\u2014\u2014\u2014\u2014\u2014\u2014\u2014\u2014\u2014 Datum<\/p>\n<p>(*) Doorhalen wat niet van toepassing is<\/td>\n<\/tr>\n<\/tbody>\n<\/table>\n<p>&nbsp;<\/p>\n<p><strong>9.4 <\/strong>Retourkosten<\/p>\n<p><strong>Volgens \u00a7 357 van het Duitse Burgerlijke Wetboek dient de klant de regelmatige kosten van de retourzending te dragen als het geleverde product overeenkomt met het bestelde product. Voor het overige zijn wij verplicht om de producten op eigen koten op te halen of te laten ophalen als de producten van dien aard zijn dat deze niet per post retour kunnen worden gezonden.<\/strong><\/p>\n<p>&nbsp;<\/p>\n<p><strong>\u00a7 10 Slotbepalingen<\/strong><\/p>\n<p><strong>10.1<\/strong> Op contracten tussen de aanbieder en de klant is het recht van de Bondsrepubliek Duitsland met uitsluiting van het Weens Koopverdrag van toepassing. De wettelijke voorschriften ter beperking van de rechtskeuze en voor de toepasbaarheid van dwingende voorschriften in het bijzonder van de staat waarin de klant als consument zijn gewoon verblijf heeft, blijven onaangetast.<\/p>\n<p><strong>10.2 <\/strong>Indien het bij de klant gaat om een koopman, een publieksrechtelijke rechtspersoon of om een publieksrechtelijk gescheiden vermogen, is de rechtbank voor alle geschillen uit contractuele relaties tussen de klant en de aanbieder de vestigingsplaats van de aanbieder.<\/p>\n<p><strong>10.3 <\/strong>Het contract blijft ook bij juridische ongeldigheid van afzonderlijke punten in zijn overige onderdelen bindend. In de plaats van de ongeldige punten komen, in zoverre aanwezig, de wettelijke voorschriften. Indien dit voor een contractant een onredelijke hardheid zou vormen, komt het contract echter als geheel te vervallen.<\/p>\n<p>&nbsp;<\/p>\n<p>Pforzheim, april 2020<\/p>\n","protected":false},"excerpt":{"rendered":"<p>Algemene voorwaarden voor consumenten \u00a7 1 Toepassingsgebied, begripsbepalingen 1.1 Deze  [&#8230;]<\/p>\n","protected":false},"author":33,"featured_media":0,"parent":0,"menu_order":0,"comment_status":"closed","ping_status":"closed","template":"","meta":{"footnotes":""},"class_list":["post-8312","page","type-page","status-publish","hentry"],"yoast_head":"<!-- This site is optimized with the Yoast SEO plugin v27.0 - https:\/\/yoast.com\/product\/yoast-seo-wordpress\/ -->\n<title>Algemene voorwaarden voor eindgebruikers | Trauring-Manufaktur Rauschmayer<\/title>\n<meta name=\"robots\" content=\"noindex, nofollow\" \/>\n<meta property=\"og:locale\" content=\"nl_NL\" \/>\n<meta property=\"og:type\" content=\"article\" \/>\n<meta property=\"og:title\" content=\"Algemene voorwaarden voor eindgebruikers | Trauring-Manufaktur Rauschmayer\" \/>\n<meta property=\"og:description\" content=\"Algemene voorwaarden voor consumenten \u00a7 1 Toepassingsgebied, begripsbepalingen 1.1 Deze [...]\" \/>\n<meta property=\"og:url\" content=\"https:\/\/rauschmayer.com\/nl\/algemene-voorwaarden-voor-eindgebruikers\/\" \/>\n<meta property=\"og:site_name\" content=\"Rauschmayer\" \/>\n<meta name=\"twitter:card\" content=\"summary_large_image\" \/>\n<meta name=\"twitter:label1\" content=\"Geschatte leestijd\" \/>\n\t<meta name=\"twitter:data1\" content=\"9 minuten\" \/>\n<script type=\"application\/ld+json\" class=\"yoast-schema-graph\">{\"@context\":\"https:\/\/schema.org\",\"@graph\":[{\"@type\":\"WebPage\",\"@id\":\"https:\/\/rauschmayer.com\/nl\/algemene-voorwaarden-voor-eindgebruikers\/\",\"url\":\"https:\/\/rauschmayer.com\/nl\/algemene-voorwaarden-voor-eindgebruikers\/\",\"name\":\"Algemene voorwaarden voor eindgebruikers | Trauring-Manufaktur Rauschmayer\",\"isPartOf\":{\"@id\":\"https:\/\/rauschmayer.com\/#website\"},\"datePublished\":\"2023-04-13T14:55:13+00:00\",\"breadcrumb\":{\"@id\":\"https:\/\/rauschmayer.com\/nl\/algemene-voorwaarden-voor-eindgebruikers\/#breadcrumb\"},\"inLanguage\":\"nl-NL\",\"potentialAction\":[{\"@type\":\"ReadAction\",\"target\":[\"https:\/\/rauschmayer.com\/nl\/algemene-voorwaarden-voor-eindgebruikers\/\"]}]},{\"@type\":\"BreadcrumbList\",\"@id\":\"https:\/\/rauschmayer.com\/nl\/algemene-voorwaarden-voor-eindgebruikers\/#breadcrumb\",\"itemListElement\":[{\"@type\":\"ListItem\",\"position\":1,\"name\":\"Home\",\"item\":\"https:\/\/rauschmayer.com\/nl\/\"},{\"@type\":\"ListItem\",\"position\":2,\"name\":\"Algemene voorwaarden voor eindgebruikers\"}]},{\"@type\":\"WebSite\",\"@id\":\"https:\/\/rauschmayer.com\/#website\",\"url\":\"https:\/\/rauschmayer.com\/\",\"name\":\"Rauschmayer\",\"description\":\"Eine weitere WordPress-Website\",\"publisher\":{\"@id\":\"https:\/\/rauschmayer.com\/#organization\"},\"potentialAction\":[{\"@type\":\"SearchAction\",\"target\":{\"@type\":\"EntryPoint\",\"urlTemplate\":\"https:\/\/rauschmayer.com\/?s={search_term_string}\"},\"query-input\":{\"@type\":\"PropertyValueSpecification\",\"valueRequired\":true,\"valueName\":\"search_term_string\"}}],\"inLanguage\":\"nl-NL\"},{\"@type\":\"Organization\",\"@id\":\"https:\/\/rauschmayer.com\/#organization\",\"name\":\"Trauring-Manufaktur Rauschmayer\",\"url\":\"https:\/\/rauschmayer.com\/\",\"logo\":{\"@type\":\"ImageObject\",\"inLanguage\":\"nl-NL\",\"@id\":\"https:\/\/rauschmayer.com\/#\/schema\/logo\/image\/\",\"url\":\"https:\/\/rauschmayer.com\/wp-content\/uploads\/2023\/11\/2023_08-Logo_Tauben_Tuerkis.png\",\"contentUrl\":\"https:\/\/rauschmayer.com\/wp-content\/uploads\/2023\/11\/2023_08-Logo_Tauben_Tuerkis.png\",\"width\":1667,\"height\":1667,\"caption\":\"Trauring-Manufaktur Rauschmayer\"},\"image\":{\"@id\":\"https:\/\/rauschmayer.com\/#\/schema\/logo\/image\/\"}}]}<\/script>\n<!-- \/ Yoast SEO plugin. -->","yoast_head_json":{"title":"Algemene voorwaarden voor eindgebruikers | Trauring-Manufaktur Rauschmayer","robots":{"index":"noindex","follow":"nofollow"},"og_locale":"nl_NL","og_type":"article","og_title":"Algemene voorwaarden voor eindgebruikers | Trauring-Manufaktur Rauschmayer","og_description":"Algemene voorwaarden voor consumenten \u00a7 1 Toepassingsgebied, begripsbepalingen 1.1 Deze [...]","og_url":"https:\/\/rauschmayer.com\/nl\/algemene-voorwaarden-voor-eindgebruikers\/","og_site_name":"Rauschmayer","twitter_card":"summary_large_image","twitter_misc":{"Geschatte leestijd":"9 minuten"},"schema":{"@context":"https:\/\/schema.org","@graph":[{"@type":"WebPage","@id":"https:\/\/rauschmayer.com\/nl\/algemene-voorwaarden-voor-eindgebruikers\/","url":"https:\/\/rauschmayer.com\/nl\/algemene-voorwaarden-voor-eindgebruikers\/","name":"Algemene voorwaarden voor eindgebruikers | Trauring-Manufaktur Rauschmayer","isPartOf":{"@id":"https:\/\/rauschmayer.com\/#website"},"datePublished":"2023-04-13T14:55:13+00:00","breadcrumb":{"@id":"https:\/\/rauschmayer.com\/nl\/algemene-voorwaarden-voor-eindgebruikers\/#breadcrumb"},"inLanguage":"nl-NL","potentialAction":[{"@type":"ReadAction","target":["https:\/\/rauschmayer.com\/nl\/algemene-voorwaarden-voor-eindgebruikers\/"]}]},{"@type":"BreadcrumbList","@id":"https:\/\/rauschmayer.com\/nl\/algemene-voorwaarden-voor-eindgebruikers\/#breadcrumb","itemListElement":[{"@type":"ListItem","position":1,"name":"Home","item":"https:\/\/rauschmayer.com\/nl\/"},{"@type":"ListItem","position":2,"name":"Algemene voorwaarden voor eindgebruikers"}]},{"@type":"WebSite","@id":"https:\/\/rauschmayer.com\/#website","url":"https:\/\/rauschmayer.com\/","name":"Rauschmayer","description":"Eine weitere WordPress-Website","publisher":{"@id":"https:\/\/rauschmayer.com\/#organization"},"potentialAction":[{"@type":"SearchAction","target":{"@type":"EntryPoint","urlTemplate":"https:\/\/rauschmayer.com\/?s={search_term_string}"},"query-input":{"@type":"PropertyValueSpecification","valueRequired":true,"valueName":"search_term_string"}}],"inLanguage":"nl-NL"},{"@type":"Organization","@id":"https:\/\/rauschmayer.com\/#organization","name":"Trauring-Manufaktur Rauschmayer","url":"https:\/\/rauschmayer.com\/","logo":{"@type":"ImageObject","inLanguage":"nl-NL","@id":"https:\/\/rauschmayer.com\/#\/schema\/logo\/image\/","url":"https:\/\/rauschmayer.com\/wp-content\/uploads\/2023\/11\/2023_08-Logo_Tauben_Tuerkis.png","contentUrl":"https:\/\/rauschmayer.com\/wp-content\/uploads\/2023\/11\/2023_08-Logo_Tauben_Tuerkis.png","width":1667,"height":1667,"caption":"Trauring-Manufaktur Rauschmayer"},"image":{"@id":"https:\/\/rauschmayer.com\/#\/schema\/logo\/image\/"}}]}},"_links":{"self":[{"href":"https:\/\/rauschmayer.com\/nl\/wp-json\/wp\/v2\/pages\/8312","targetHints":{"allow":["GET"]}}],"collection":[{"href":"https:\/\/rauschmayer.com\/nl\/wp-json\/wp\/v2\/pages"}],"about":[{"href":"https:\/\/rauschmayer.com\/nl\/wp-json\/wp\/v2\/types\/page"}],"author":[{"embeddable":true,"href":"https:\/\/rauschmayer.com\/nl\/wp-json\/wp\/v2\/users\/33"}],"replies":[{"embeddable":true,"href":"https:\/\/rauschmayer.com\/nl\/wp-json\/wp\/v2\/comments?post=8312"}],"version-history":[{"count":0,"href":"https:\/\/rauschmayer.com\/nl\/wp-json\/wp\/v2\/pages\/8312\/revisions"}],"wp:attachment":[{"href":"https:\/\/rauschmayer.com\/nl\/wp-json\/wp\/v2\/media?parent=8312"}],"curies":[{"name":"wp","href":"https:\/\/api.w.org\/{rel}","templated":true}]}}